{"id":12,"date":"2009-09-03T22:00:30","date_gmt":"2009-09-03T20:00:30","guid":{"rendered":"https:\/\/emaugard.fr\/?page_id=12"},"modified":"2023-11-13T23:04:22","modified_gmt":"2023-11-13T23:04:22","slug":"a-propos","status":"publish","type":"page","link":"https:\/\/emaugard.fr\/?page_id=12","title":{"rendered":"\u00c0 propos"},"content":{"rendered":"<p>Ceci est un blog permettant de donner des compl\u00e9ments au cours d&rsquo;histoire-g\u00e9ographie et d&rsquo;EMC aux \u00e9l\u00e8ves d&rsquo;Emmanuel Maugard, enseignant d&rsquo;histoire-g\u00e9ographie du coll\u00e8ge-lyc\u00e9e Notre-Dame de Toutes Aides \u00e0 Nantes<\/p>\n","protected":false},"excerpt":{"rendered":"<p>Ceci est un blog permettant de donner des compl\u00e9ments au cours d&rsquo;histoire-g\u00e9ographie et d&rsquo;EMC aux \u00e9l\u00e8ves d&rsquo;Emmanuel Maugard, enseignant d&rsquo;histoire-g\u00e9ographie du coll\u00e8ge-lyc\u00e9e Notre-Dame de Toutes Aides \u00e0 Nantes<\/p>\n","protected":false},"author":1,"featured_media":0,"parent":0,"menu_order":0,"comment_status":"open","ping_status":"open","template":"","meta":{"footnotes":""},"class_list":["post-12","page","type-page","status-publish","hentry"],"_links":{"self":[{"href":"https:\/\/emaugard.fr\/index.php?rest_route=\/wp\/v2\/pages\/12","targetHints":{"allow":["GET"]}}],"collection":[{"href":"https:\/\/emaugard.fr\/index.php?rest_route=\/wp\/v2\/pages"}],"about":[{"href":"https:\/\/emaugard.fr\/index.php?rest_route=\/wp\/v2\/types\/page"}],"author":[{"embeddable":true,"href":"https:\/\/emaugard.fr\/index.php?rest_route=\/wp\/v2\/users\/1"}],"replies":[{"embeddable":true,"href":"https:\/\/emaugard.fr\/index.php?rest_route=%2Fwp%2Fv2%2Fcomments&post=12"}],"version-history":[{"count":1,"href":"https:\/\/emaugard.fr\/index.php?rest_route=\/wp\/v2\/pages\/12\/revisions"}],"predecessor-version":[{"id":1929,"href":"https:\/\/emaugard.fr\/index.php?rest_route=\/wp\/v2\/pages\/12\/revisions\/1929"}],"wp:attachment":[{"href":"https:\/\/emaugard.fr\/index.php?rest_route=%2Fwp%2Fv2%2Fmedia&parent=12"}],"curies":[{"name":"wp","href":"https:\/\/api.w.org\/{rel}","templated":true}]}}